{"id":2,"date":"2023-05-05T10:59:32","date_gmt":"2023-05-05T08:59:32","guid":{"rendered":"http:\/\/hokubema.com\/cloud\/?page_id=2"},"modified":"2023-05-10T16:19:08","modified_gmt":"2023-05-10T14:19:08","slug":"beispiel-seite","status":"publish","type":"page","link":"http:\/\/hokubema.com\/cloud\/","title":{"rendered":"Home"},"content":{"rendered":"\n<p><strong>Maschinenbau mit Tradition<\/strong>. Seit 100 Jahren steht die Marke <strong>PANHANS<\/strong> f\u00fcr soliden, deutschen Maschinenbau.<\/p>\n\n\n\n<p>Engagierte Mitarbeiter, die ihr Handwerk von der Pike auf gelernt haben, erfahrene Konstrukteure und permanent geschultes Servicepersonal begr\u00fcnden den Erfolg.<\/p>\n\n\n\n<p><strong>PANHANS<\/strong> Produkte werden ausschlie\u00dflich aus ausgew\u00e4hlten, hochwertigen Materialien gefertigt.<\/p>\n\n\n\n<p>Mit vielen international bekannten Innovationen hat <strong>PANHANS<\/strong> im Bereich des Holzbearbeitungs-Maschinenbaus Ma\u00dfst\u00e4be gesetzt.<\/p>\n\n\n\n<p>Das Unternehmen <strong>HOKUBEMA<\/strong> setzt die Tradition fort.<\/p>\n\n\n\n<div class=\"wp-block-group\"><div class=\"wp-block-group__inner-container is-layout-constrained wp-block-group-is-layout-constrained\">\n<p>Technische Anweisungen, Manuals, Betriebsanleitungen und mehr \u2013 hier erfahren Sie alles rundum technische Hinweise f\u00fcr PANHANS Maschinen.<\/p>\n\n\n\n<h2 class=\"wp-block-heading\">Betriebsanleitungen<\/h2>\n\n\n\n<p>Technische Anweisungen, Manuals, Betriebsanleitungen und mehr \u2013 hier erfahren Sie alles rundum technische Hinweise f\u00fcr PANHANS Maschinen.<\/p>\n\n\n\n<div class=\"wp-block-buttons is-layout-flex wp-block-buttons-is-layout-flex\">\n<div class=\"wp-block-button\"><a class=\"wp-block-button__link wp-element-button\" href=\"https:\/\/www.hokubema.com\/manuals\/panhans.html\" target=\"_blank\" rel=\"noreferrer noopener\">Jetzt zu den Manuals<\/a><\/div>\n<\/div>\n<\/div><\/div>\n","protected":false},"excerpt":{"rendered":"<p>Maschinenbau mit Tradition. Seit 100 Jahren steht die Marke PANHANS f\u00fcr soliden, deutschen Maschinenbau. Engagierte Mitarbeiter, die ihr Handwerk von der Pike auf gelernt haben, erfahrene Konstrukteure und permanent geschultes Servicepersonal begr\u00fcnden den Erfolg. PANHANS Produkte werden ausschlie\u00dflich aus ausgew\u00e4hlten, hochwertigen Materialien gefertigt. Mit vielen international bekannten Innovationen hat PANHANS im Bereich des Holzbearbeitungs-Maschinenbaus Ma\u00dfst\u00e4be [&hellip;]<\/p>\n","protected":false},"author":1,"featured_media":0,"parent":0,"menu_order":0,"comment_status":"closed","ping_status":"open","template":"full-width-page-template.php","meta":{"footnotes":""},"class_list":["post-2","page","type-page","status-publish","hentry","missing-thumbnail"],"_links":{"self":[{"href":"http:\/\/hokubema.com\/cloud\/index.php?rest_route=\/wp\/v2\/pages\/2","targetHints":{"allow":["GET"]}}],"collection":[{"href":"http:\/\/hokubema.com\/cloud\/index.php?rest_route=\/wp\/v2\/pages"}],"about":[{"href":"http:\/\/hokubema.com\/cloud\/index.php?rest_route=\/wp\/v2\/types\/page"}],"author":[{"embeddable":true,"href":"http:\/\/hokubema.com\/cloud\/index.php?rest_route=\/wp\/v2\/users\/1"}],"replies":[{"embeddable":true,"href":"http:\/\/hokubema.com\/cloud\/index.php?rest_route=%2Fwp%2Fv2%2Fcomments&post=2"}],"version-history":[{"count":8,"href":"http:\/\/hokubema.com\/cloud\/index.php?rest_route=\/wp\/v2\/pages\/2\/revisions"}],"predecessor-version":[{"id":178,"href":"http:\/\/hokubema.com\/cloud\/index.php?rest_route=\/wp\/v2\/pages\/2\/revisions\/178"}],"wp:attachment":[{"href":"http:\/\/hokubema.com\/cloud\/index.php?rest_route=%2Fwp%2Fv2%2Fmedia&parent=2"}],"curies":[{"name":"wp","href":"https:\/\/api.w.org\/{rel}","templated":true}]}}